{"id":39,"date":"2020-05-26T13:13:50","date_gmt":"2020-05-26T13:13:50","guid":{"rendered":"https:\/\/botiga.museudelferrocarril.org\/?page_id=39"},"modified":"2020-06-22T12:20:24","modified_gmt":"2020-06-22T12:20:24","slug":"inici","status":"publish","type":"page","link":"https:\/\/botiga.museudelferrocarril.org\/","title":{"rendered":"Inici"},"content":{"rendered":"<div class=\"woocommerce columns-4 \"><ul class=\"products columns-4\">\n<li class=\"product type-product post-2106 status-publish first instock product_cat-publicacions has-post-thumbnail taxable shipping-taxable purchasable product-type-simple\">\n\t<a href=\"https:\/\/botiga.museudelferrocarril.org\/?product=nueva-guia-catalogo-museo-del-ferrocarril-de-cataluna\" class=\"woocommerce-LoopProduct-link woocommerce-loop-product__link\"><img loading=\"lazy\" decoding=\"async\" width=\"430\" height=\"600\" src=\"https:\/\/botiga.museudelferrocarril.org\/wp-content\/uploads\/2025\/01\/Catalogo_CAS.jpg\" class=\"attachment-woocommerce_thumbnail size-woocommerce_thumbnail\" alt=\"Nueva Gu\u00eda-Cat\u00e1logo Museo del Ferrocarril de Catalu\u00f1a (versi\u00f3 en castell\u00e0)\" srcset=\"https:\/\/botiga.museudelferrocarril.org\/wp-content\/uploads\/2025\/01\/Catalogo_CAS.jpg 430w, https:\/\/botiga.museudelferrocarril.org\/wp-content\/uploads\/2025\/01\/Catalogo_CAS-215x300.jpg 215w, https:\/\/botiga.museudelferrocarril.org\/wp-content\/uploads\/2025\/01\/Catalogo_CAS-108x150.jpg 108w, https:\/\/botiga.museudelferrocarril.org\/wp-content\/uploads\/2025\/01\/Catalogo_CAS-43x60.jpg 43w, https:\/\/botiga.museudelferrocarril.org\/wp-content\/uploads\/2025\/01\/Catalogo_CAS-65x90.jpg 65w\" sizes=\"auto, (max-width: 430px) 100vw, 430px\" \/><h2 class=\"woocommerce-loop-product__title\">Nueva Gu\u00eda-Cat\u00e1logo Museo del Ferrocarril de Catalu\u00f1a (versi\u00f3 en castell\u00e0)<\/h2>\n\t<span class=\"price\"><span class=\"woocommerce-Price-amount amount\"><bdi>15,00<span class=\"woocommerce-Price-currencySymbol\">&euro;<\/span><\/bdi><\/span> <small class=\"woocommerce-price-suffix\">IVA incluido<\/small><\/span>\n<\/a><a href=\"\/index.php?rest_route=%2Fwp%2Fv2%2Fpages%2F39&#038;add-to-cart=2106\" aria-describedby=\"woocommerce_loop_add_to_cart_link_describedby_2106\" data-quantity=\"1\" class=\"button product_type_simple add_to_cart_button ajax_add_to_cart\" data-product_id=\"2106\" data-product_sku=\"PU010MV016\" aria-label=\"Afegeix a la cistella: &ldquo;Nueva Gu\u00eda-Cat\u00e1logo Museo del Ferrocarril de Catalu\u00f1a (versi\u00f3 en castell\u00e0)&rdquo;\" rel=\"nofollow\" data-success_message=\"&ldquo;Nueva Gu\u00eda-Cat\u00e1logo Museo del Ferrocarril de Catalu\u00f1a (versi\u00f3 en castell\u00e0)&rdquo; s&#039;ha afegit a la vostra cistella\">Afegeix a la cistella<\/a>\t<span id=\"woocommerce_loop_add_to_cart_link_describedby_2106\" class=\"screen-reader-text\">\n\t\t\t<\/span>\n<\/li>\n<li class=\"product type-product post-2102 status-publish instock product_cat-publicacions has-post-thumbnail taxable shipping-taxable purchasable product-type-simple\">\n\t<a href=\"https:\/\/botiga.museudelferrocarril.org\/?product=nova-guia-cataleg-museu-del-ferrocarril-de-catalunya\" class=\"woocommerce-LoopProduct-link woocommerce-loop-product__link\"><img loading=\"lazy\" decoding=\"async\" width=\"430\" height=\"600\" src=\"https:\/\/botiga.museudelferrocarril.org\/wp-content\/uploads\/2025\/01\/Catalogo_CAT.jpg\" class=\"attachment-woocommerce_thumbnail size-woocommerce_thumbnail\" alt=\"Nova Gu\u00eda-Cat\u00e0leg Museu del Ferrocarril de Catalunya (versi\u00f3 en catal\u00e0)\" srcset=\"https:\/\/botiga.museudelferrocarril.org\/wp-content\/uploads\/2025\/01\/Catalogo_CAT.jpg 430w, https:\/\/botiga.museudelferrocarril.org\/wp-content\/uploads\/2025\/01\/Catalogo_CAT-215x300.jpg 215w, https:\/\/botiga.museudelferrocarril.org\/wp-content\/uploads\/2025\/01\/Catalogo_CAT-108x150.jpg 108w, https:\/\/botiga.museudelferrocarril.org\/wp-content\/uploads\/2025\/01\/Catalogo_CAT-43x60.jpg 43w, https:\/\/botiga.museudelferrocarril.org\/wp-content\/uploads\/2025\/01\/Catalogo_CAT-65x90.jpg 65w\" sizes=\"auto, (max-width: 430px) 100vw, 430px\" \/><h2 class=\"woocommerce-loop-product__title\">Nova Gu\u00eda-Cat\u00e0leg Museu del Ferrocarril de Catalunya (versi\u00f3 en catal\u00e0)<\/h2>\n\t<span class=\"price\"><span class=\"woocommerce-Price-amount amount\"><bdi>15,00<span class=\"woocommerce-Price-currencySymbol\">&euro;<\/span><\/bdi><\/span> <small class=\"woocommerce-price-suffix\">IVA incluido<\/small><\/span>\n<\/a><a href=\"\/index.php?rest_route=%2Fwp%2Fv2%2Fpages%2F39&#038;add-to-cart=2102\" aria-describedby=\"woocommerce_loop_add_to_cart_link_describedby_2102\" data-quantity=\"1\" class=\"button product_type_simple add_to_cart_button ajax_add_to_cart\" data-product_id=\"2102\" data-product_sku=\"PU01MV015\" aria-label=\"Afegeix a la cistella: &ldquo;Nova Gu\u00eda-Cat\u00e0leg Museu del Ferrocarril de Catalunya (versi\u00f3 en catal\u00e0)&rdquo;\" rel=\"nofollow\" data-success_message=\"&ldquo;Nova Gu\u00eda-Cat\u00e0leg Museu del Ferrocarril de Catalunya (versi\u00f3 en catal\u00e0)&rdquo; s&#039;ha afegit a la vostra cistella\">Afegeix a la cistella<\/a>\t<span id=\"woocommerce_loop_add_to_cart_link_describedby_2102\" class=\"screen-reader-text\">\n\t\t\t<\/span>\n<\/li>\n<li class=\"product type-product post-1369 status-publish outofstock product_cat-reproduccions has-post-thumbnail taxable shipping-taxable purchasable product-type-simple\">\n\t<a href=\"https:\/\/botiga.museudelferrocarril.org\/?product=locomotora-rocket-3\" class=\"woocommerce-LoopProduct-link woocommerce-loop-product__link\"><img loading=\"lazy\" decoding=\"async\" width=\"430\" height=\"600\" src=\"https:\/\/botiga.museudelferrocarril.org\/wp-content\/uploads\/2024\/06\/LocomotoraRocket.jpg\" class=\"attachment-woocommerce_thumbnail size-woocommerce_thumbnail\" alt=\"&quot;ROCKET&quot; LOCOMOTIVE\" srcset=\"https:\/\/botiga.museudelferrocarril.org\/wp-content\/uploads\/2024\/06\/LocomotoraRocket.jpg 430w, https:\/\/botiga.museudelferrocarril.org\/wp-content\/uploads\/2024\/06\/LocomotoraRocket-215x300.jpg 215w, https:\/\/botiga.museudelferrocarril.org\/wp-content\/uploads\/2024\/06\/LocomotoraRocket-108x150.jpg 108w, https:\/\/botiga.museudelferrocarril.org\/wp-content\/uploads\/2024\/06\/LocomotoraRocket-43x60.jpg 43w, https:\/\/botiga.museudelferrocarril.org\/wp-content\/uploads\/2024\/06\/LocomotoraRocket-65x90.jpg 65w\" sizes=\"auto, (max-width: 430px) 100vw, 430px\" \/><h2 class=\"woocommerce-loop-product__title\">&#8220;ROCKET&#8221; LOCOMOTIVE<\/h2>\n\t<span class=\"price\"><span class=\"woocommerce-Price-amount amount\"><bdi>99,00<span class=\"woocommerce-Price-currencySymbol\">&euro;<\/span><\/bdi><\/span> <small class=\"woocommerce-price-suffix\">IVA incluido<\/small><\/span>\n<\/a><a href=\"https:\/\/botiga.museudelferrocarril.org\/?product=locomotora-rocket-3\" aria-describedby=\"woocommerce_loop_add_to_cart_link_describedby_1369\" data-quantity=\"1\" class=\"button product_type_simple\" data-product_id=\"1369\" data-product_sku=\"OA00MV535\" aria-label=\"M\u00e9s informaci\u00f3 sobre &ldquo;&quot;ROCKET&quot; LOCOMOTIVE&rdquo;\" rel=\"nofollow\" data-success_message=\"\">Llegeix m\u00e9s<\/a>\t<span id=\"woocommerce_loop_add_to_cart_link_describedby_1369\" class=\"screen-reader-text\">\n\t\t\t<\/span>\n<\/li>\n<li class=\"product type-product post-1368 status-publish last outofstock product_cat-reproduccions has-post-thumbnail taxable shipping-taxable purchasable product-type-simple\">\n\t<a href=\"https:\/\/botiga.museudelferrocarril.org\/?product=locomotora-rocket-2\" class=\"woocommerce-LoopProduct-link woocommerce-loop-product__link\"><img loading=\"lazy\" decoding=\"async\" width=\"430\" height=\"600\" src=\"https:\/\/botiga.museudelferrocarril.org\/wp-content\/uploads\/2024\/06\/LocomotoraRocket.jpg\" class=\"attachment-woocommerce_thumbnail size-woocommerce_thumbnail\" alt=\"LOCOMOTORA &quot;ROCKET&quot;\" srcset=\"https:\/\/botiga.museudelferrocarril.org\/wp-content\/uploads\/2024\/06\/LocomotoraRocket.jpg 430w, https:\/\/botiga.museudelferrocarril.org\/wp-content\/uploads\/2024\/06\/LocomotoraRocket-215x300.jpg 215w, https:\/\/botiga.museudelferrocarril.org\/wp-content\/uploads\/2024\/06\/LocomotoraRocket-108x150.jpg 108w, https:\/\/botiga.museudelferrocarril.org\/wp-content\/uploads\/2024\/06\/LocomotoraRocket-43x60.jpg 43w, https:\/\/botiga.museudelferrocarril.org\/wp-content\/uploads\/2024\/06\/LocomotoraRocket-65x90.jpg 65w\" sizes=\"auto, (max-width: 430px) 100vw, 430px\" \/><h2 class=\"woocommerce-loop-product__title\">LOCOMOTORA &#8220;ROCKET&#8221;<\/h2>\n\t<span class=\"price\"><span class=\"woocommerce-Price-amount amount\"><bdi>99,00<span class=\"woocommerce-Price-currencySymbol\">&euro;<\/span><\/bdi><\/span> <small class=\"woocommerce-price-suffix\">IVA incluido<\/small><\/span>\n<\/a><a href=\"https:\/\/botiga.museudelferrocarril.org\/?product=locomotora-rocket-2\" aria-describedby=\"woocommerce_loop_add_to_cart_link_describedby_1368\" data-quantity=\"1\" class=\"button product_type_simple\" data-product_id=\"1368\" data-product_sku=\"OA00MV535\" aria-label=\"M\u00e9s informaci\u00f3 sobre &ldquo;LOCOMOTORA &quot;ROCKET&quot;&rdquo;\" rel=\"nofollow\" data-success_message=\"\">Llegeix m\u00e9s<\/a>\t<span id=\"woocommerce_loop_add_to_cart_link_describedby_1368\" class=\"screen-reader-text\">\n\t\t\t<\/span>\n<\/li>\n<li class=\"product type-product post-1366 status-publish first outofstock product_cat-reproduccions has-post-thumbnail taxable shipping-taxable purchasable product-type-simple\">\n\t<a href=\"https:\/\/botiga.museudelferrocarril.org\/?product=locomotora-rocket\" class=\"woocommerce-LoopProduct-link woocommerce-loop-product__link\"><img loading=\"lazy\" decoding=\"async\" width=\"430\" height=\"600\" src=\"https:\/\/botiga.museudelferrocarril.org\/wp-content\/uploads\/2024\/06\/LocomotoraRocket.jpg\" class=\"attachment-woocommerce_thumbnail size-woocommerce_thumbnail\" alt=\"LOCOMOTORA &quot;ROCKET&quot;\" srcset=\"https:\/\/botiga.museudelferrocarril.org\/wp-content\/uploads\/2024\/06\/LocomotoraRocket.jpg 430w, https:\/\/botiga.museudelferrocarril.org\/wp-content\/uploads\/2024\/06\/LocomotoraRocket-215x300.jpg 215w, https:\/\/botiga.museudelferrocarril.org\/wp-content\/uploads\/2024\/06\/LocomotoraRocket-108x150.jpg 108w, https:\/\/botiga.museudelferrocarril.org\/wp-content\/uploads\/2024\/06\/LocomotoraRocket-43x60.jpg 43w, https:\/\/botiga.museudelferrocarril.org\/wp-content\/uploads\/2024\/06\/LocomotoraRocket-65x90.jpg 65w\" sizes=\"auto, (max-width: 430px) 100vw, 430px\" \/><h2 class=\"woocommerce-loop-product__title\">LOCOMOTORA &#8220;ROCKET&#8221;<\/h2>\n\t<span class=\"price\"><span class=\"woocommerce-Price-amount amount\"><bdi>99,00<span class=\"woocommerce-Price-currencySymbol\">&euro;<\/span><\/bdi><\/span> <small class=\"woocommerce-price-suffix\">IVA incluido<\/small><\/span>\n<\/a><a href=\"https:\/\/botiga.museudelferrocarril.org\/?product=locomotora-rocket\" aria-describedby=\"woocommerce_loop_add_to_cart_link_describedby_1366\" data-quantity=\"1\" class=\"button product_type_simple\" data-product_id=\"1366\" data-product_sku=\"OA00MV535\" aria-label=\"M\u00e9s informaci\u00f3 sobre &ldquo;LOCOMOTORA &quot;ROCKET&quot;&rdquo;\" rel=\"nofollow\" data-success_message=\"\">Llegeix m\u00e9s<\/a>\t<span id=\"woocommerce_loop_add_to_cart_link_describedby_1366\" class=\"screen-reader-text\">\n\t\t\t<\/span>\n<\/li>\n<li class=\"product type-product post-1365 status-publish outofstock product_cat-reproduccions has-post-thumbnail taxable shipping-taxable purchasable product-type-simple\">\n\t<a href=\"https:\/\/botiga.museudelferrocarril.org\/?product=tramvia-soller-3\" class=\"woocommerce-LoopProduct-link woocommerce-loop-product__link\"><img loading=\"lazy\" decoding=\"async\" width=\"430\" height=\"600\" src=\"https:\/\/botiga.museudelferrocarril.org\/wp-content\/uploads\/2024\/06\/TranviaSoller.jpg\" class=\"attachment-woocommerce_thumbnail size-woocommerce_thumbnail\" alt=\"S\u00d3LLER TRAMWAY\" srcset=\"https:\/\/botiga.museudelferrocarril.org\/wp-content\/uploads\/2024\/06\/TranviaSoller.jpg 430w, https:\/\/botiga.museudelferrocarril.org\/wp-content\/uploads\/2024\/06\/TranviaSoller-215x300.jpg 215w, https:\/\/botiga.museudelferrocarril.org\/wp-content\/uploads\/2024\/06\/TranviaSoller-108x150.jpg 108w, https:\/\/botiga.museudelferrocarril.org\/wp-content\/uploads\/2024\/06\/TranviaSoller-43x60.jpg 43w, https:\/\/botiga.museudelferrocarril.org\/wp-content\/uploads\/2024\/06\/TranviaSoller-65x90.jpg 65w\" sizes=\"auto, (max-width: 430px) 100vw, 430px\" \/><h2 class=\"woocommerce-loop-product__title\">S\u00d3LLER TRAMWAY<\/h2>\n\t<span class=\"price\"><span class=\"woocommerce-Price-amount amount\"><bdi>106,00<span class=\"woocommerce-Price-currencySymbol\">&euro;<\/span><\/bdi><\/span> <small class=\"woocommerce-price-suffix\">IVA incluido<\/small><\/span>\n<\/a><a href=\"https:\/\/botiga.museudelferrocarril.org\/?product=tramvia-soller-3\" aria-describedby=\"woocommerce_loop_add_to_cart_link_describedby_1365\" data-quantity=\"1\" class=\"button product_type_simple\" data-product_id=\"1365\" data-product_sku=\"OA00MV534\" aria-label=\"M\u00e9s informaci\u00f3 sobre &ldquo;S\u00d3LLER TRAMWAY&rdquo;\" rel=\"nofollow\" data-success_message=\"\">Llegeix m\u00e9s<\/a>\t<span id=\"woocommerce_loop_add_to_cart_link_describedby_1365\" class=\"screen-reader-text\">\n\t\t\t<\/span>\n<\/li>\n<li class=\"product type-product post-1364 status-publish outofstock product_cat-reproduccions has-post-thumbnail taxable shipping-taxable purchasable product-type-simple\">\n\t<a href=\"https:\/\/botiga.museudelferrocarril.org\/?product=tramvia-soller-2\" class=\"woocommerce-LoopProduct-link woocommerce-loop-product__link\"><img loading=\"lazy\" decoding=\"async\" width=\"430\" height=\"600\" src=\"https:\/\/botiga.museudelferrocarril.org\/wp-content\/uploads\/2024\/06\/TranviaSoller.jpg\" class=\"attachment-woocommerce_thumbnail size-woocommerce_thumbnail\" alt=\"TRANV\u00cdA S\u00d3LLER\" srcset=\"https:\/\/botiga.museudelferrocarril.org\/wp-content\/uploads\/2024\/06\/TranviaSoller.jpg 430w, https:\/\/botiga.museudelferrocarril.org\/wp-content\/uploads\/2024\/06\/TranviaSoller-215x300.jpg 215w, https:\/\/botiga.museudelferrocarril.org\/wp-content\/uploads\/2024\/06\/TranviaSoller-108x150.jpg 108w, https:\/\/botiga.museudelferrocarril.org\/wp-content\/uploads\/2024\/06\/TranviaSoller-43x60.jpg 43w, https:\/\/botiga.museudelferrocarril.org\/wp-content\/uploads\/2024\/06\/TranviaSoller-65x90.jpg 65w\" sizes=\"auto, (max-width: 430px) 100vw, 430px\" \/><h2 class=\"woocommerce-loop-product__title\">TRANV\u00cdA S\u00d3LLER<\/h2>\n\t<span class=\"price\"><span class=\"woocommerce-Price-amount amount\"><bdi>106,00<span class=\"woocommerce-Price-currencySymbol\">&euro;<\/span><\/bdi><\/span> <small class=\"woocommerce-price-suffix\">IVA incluido<\/small><\/span>\n<\/a><a href=\"https:\/\/botiga.museudelferrocarril.org\/?product=tramvia-soller-2\" aria-describedby=\"woocommerce_loop_add_to_cart_link_describedby_1364\" data-quantity=\"1\" class=\"button product_type_simple\" data-product_id=\"1364\" data-product_sku=\"OA00MV534\" aria-label=\"M\u00e9s informaci\u00f3 sobre &ldquo;TRANV\u00cdA S\u00d3LLER&rdquo;\" rel=\"nofollow\" data-success_message=\"\">Llegeix m\u00e9s<\/a>\t<span id=\"woocommerce_loop_add_to_cart_link_describedby_1364\" class=\"screen-reader-text\">\n\t\t\t<\/span>\n<\/li>\n<li class=\"product type-product post-1362 status-publish last outofstock product_cat-reproduccions has-post-thumbnail taxable shipping-taxable purchasable product-type-simple\">\n\t<a href=\"https:\/\/botiga.museudelferrocarril.org\/?product=tramvia-soller\" class=\"woocommerce-LoopProduct-link woocommerce-loop-product__link\"><img loading=\"lazy\" decoding=\"async\" width=\"430\" height=\"600\" src=\"https:\/\/botiga.museudelferrocarril.org\/wp-content\/uploads\/2024\/06\/TranviaSoller.jpg\" class=\"attachment-woocommerce_thumbnail size-woocommerce_thumbnail\" alt=\"TRAMVIA S\u00d3LLER\" srcset=\"https:\/\/botiga.museudelferrocarril.org\/wp-content\/uploads\/2024\/06\/TranviaSoller.jpg 430w, https:\/\/botiga.museudelferrocarril.org\/wp-content\/uploads\/2024\/06\/TranviaSoller-215x300.jpg 215w, https:\/\/botiga.museudelferrocarril.org\/wp-content\/uploads\/2024\/06\/TranviaSoller-108x150.jpg 108w, https:\/\/botiga.museudelferrocarril.org\/wp-content\/uploads\/2024\/06\/TranviaSoller-43x60.jpg 43w, https:\/\/botiga.museudelferrocarril.org\/wp-content\/uploads\/2024\/06\/TranviaSoller-65x90.jpg 65w\" sizes=\"auto, (max-width: 430px) 100vw, 430px\" \/><h2 class=\"woocommerce-loop-product__title\">TRAMVIA S\u00d3LLER<\/h2>\n\t<span class=\"price\"><span class=\"woocommerce-Price-amount amount\"><bdi>106,00<span class=\"woocommerce-Price-currencySymbol\">&euro;<\/span><\/bdi><\/span> <small class=\"woocommerce-price-suffix\">IVA incluido<\/small><\/span>\n<\/a><a href=\"https:\/\/botiga.museudelferrocarril.org\/?product=tramvia-soller\" aria-describedby=\"woocommerce_loop_add_to_cart_link_describedby_1362\" data-quantity=\"1\" class=\"button product_type_simple\" data-product_id=\"1362\" data-product_sku=\"OA00MV534\" aria-label=\"M\u00e9s informaci\u00f3 sobre &ldquo;TRAMVIA S\u00d3LLER&rdquo;\" rel=\"nofollow\" data-success_message=\"\">Llegeix m\u00e9s<\/a>\t<span id=\"woocommerce_loop_add_to_cart_link_describedby_1362\" class=\"screen-reader-text\">\n\t\t\t<\/span>\n<\/li>\n<\/ul>\n<\/div>\n","protected":false},"excerpt":{"rendered":"","protected":false},"author":1,"featured_media":0,"parent":0,"menu_order":0,"comment_status":"closed","ping_status":"closed","template":"","meta":{"_acf_changed":false,"footnotes":""},"class_list":["post-39","page","type-page","status-publish","hentry"],"acf":[],"jetpack_sharing_enabled":true,"_links":{"self":[{"href":"https:\/\/botiga.museudelferrocarril.org\/index.php?rest_route=\/wp\/v2\/pages\/39","targetHints":{"allow":["GET"]}}],"collection":[{"href":"https:\/\/botiga.museudelferrocarril.org\/index.php?rest_route=\/wp\/v2\/pages"}],"about":[{"href":"https:\/\/botiga.museudelferrocarril.org\/index.php?rest_route=\/wp\/v2\/types\/page"}],"author":[{"embeddable":true,"href":"https:\/\/botiga.museudelferrocarril.org\/index.php?rest_route=\/wp\/v2\/users\/1"}],"replies":[{"embeddable":true,"href":"https:\/\/botiga.museudelferrocarril.org\/index.php?rest_route=%2Fwp%2Fv2%2Fcomments&post=39"}],"version-history":[{"count":5,"href":"https:\/\/botiga.museudelferrocarril.org\/index.php?rest_route=\/wp\/v2\/pages\/39\/revisions"}],"predecessor-version":[{"id":166,"href":"https:\/\/botiga.museudelferrocarril.org\/index.php?rest_route=\/wp\/v2\/pages\/39\/revisions\/166"}],"wp:attachment":[{"href":"https:\/\/botiga.museudelferrocarril.org\/index.php?rest_route=%2Fwp%2Fv2%2Fmedia&parent=39"}],"curies":[{"name":"wp","href":"https:\/\/api.w.org\/{rel}","templated":true}]}}