{"id":1002,"date":"2023-08-13T16:17:02","date_gmt":"2023-08-13T16:17:02","guid":{"rendered":"https:\/\/botiga.museudelferrocarril.org\/?post_type=product&#038;p=1002"},"modified":"2024-12-02T00:12:44","modified_gmt":"2024-12-02T00:12:44","slug":"historia-y-evolucion-del-uniforme-ferroviario-2","status":"publish","type":"product","link":"https:\/\/botiga.museudelferrocarril.org\/?product=historia-y-evolucion-del-uniforme-ferroviario-2&lang=es","title":{"rendered":"HISTORIA Y EVOLUCI\u00d3N DEL UNIFORME FERROVIARIO"},"content":{"rendered":"<p>Historia y evoluci\u00f3n de los uniformes ferroviarios. Miguel Mu\u00f1oz Rubio<\/p>\n","protected":false},"excerpt":{"rendered":"<p>Historia y evoluci\u00f3n de los uniformes ferroviarios. Miguel Mu\u00f1oz Rubio<\/p>\n","protected":false},"featured_media":1001,"comment_status":"open","ping_status":"closed","template":"","meta":{"_acf_changed":false,"jetpack_publicize_message":"","jetpack_publicize_feature_enabled":true,"jetpack_social_post_already_shared":true,"jetpack_social_options":{"image_generator_settings":{"template":"highway","default_image_id":0,"font":"","enabled":false},"version":2}},"product_brand":[],"product_cat":[81],"product_tag":[],"class_list":{"0":"post-1002","1":"product","2":"type-product","3":"status-publish","4":"has-post-thumbnail","6":"product_cat-publicaciones","8":"first","9":"instock","10":"taxable","11":"shipping-taxable","12":"purchasable","13":"product-type-simple"},"acf":[],"jetpack_publicize_connections":[],"jetpack_sharing_enabled":true,"_links":{"self":[{"href":"https:\/\/botiga.museudelferrocarril.org\/index.php?rest_route=\/wp\/v2\/product\/1002","targetHints":{"allow":["GET"]}}],"collection":[{"href":"https:\/\/botiga.museudelferrocarril.org\/index.php?rest_route=\/wp\/v2\/product"}],"about":[{"href":"https:\/\/botiga.museudelferrocarril.org\/index.php?rest_route=\/wp\/v2\/types\/product"}],"replies":[{"embeddable":true,"href":"https:\/\/botiga.museudelferrocarril.org\/index.php?rest_route=%2Fwp%2Fv2%2Fcomments&post=1002"}],"wp:featuredmedia":[{"embeddable":true,"href":"https:\/\/botiga.museudelferrocarril.org\/index.php?rest_route=\/wp\/v2\/media\/1001"}],"wp:attachment":[{"href":"https:\/\/botiga.museudelferrocarril.org\/index.php?rest_route=%2Fwp%2Fv2%2Fmedia&parent=1002"}],"wp:term":[{"taxonomy":"product_brand","embeddable":true,"href":"https:\/\/botiga.museudelferrocarril.org\/index.php?rest_route=%2Fwp%2Fv2%2Fproduct_brand&post=1002"},{"taxonomy":"product_cat","embeddable":true,"href":"https:\/\/botiga.museudelferrocarril.org\/index.php?rest_route=%2Fwp%2Fv2%2Fproduct_cat&post=1002"},{"taxonomy":"product_tag","embeddable":true,"href":"https:\/\/botiga.museudelferrocarril.org\/index.php?rest_route=%2Fwp%2Fv2%2Fproduct_tag&post=1002"}],"curies":[{"name":"wp","href":"https:\/\/api.w.org\/{rel}","templated":true}]}}