{"id":2102,"date":"2025-01-13T16:11:42","date_gmt":"2025-01-13T16:11:42","guid":{"rendered":"https:\/\/botiga.museudelferrocarril.org\/?post_type=product&#038;p=2102"},"modified":"2025-01-13T16:30:14","modified_gmt":"2025-01-13T16:30:14","slug":"nova-guia-cataleg-museu-del-ferrocarril-de-catalunya","status":"publish","type":"product","link":"https:\/\/botiga.museudelferrocarril.org\/?product=nova-guia-cataleg-museu-del-ferrocarril-de-catalunya","title":{"rendered":"Nova Gu\u00eda-Cat\u00e0leg Museu del Ferrocarril de Catalunya (versi\u00f3 en catal\u00e0)"},"content":{"rendered":"<p>Descobreix el valu\u00f3s patrimoni ferroviari que es preserva al Museu del Ferrocarril de Catalunya amb la seva nova guia-cat\u00e0leg oficial.<\/p>\n<p>La publicaci\u00f3 t\u2019ofereix:<\/p>\n<ul>\n<li>Descripcions detallades del material ferroviari que es conserva al Museu.<\/li>\n<li>Hist\u00f2ria i curiositats que et permetran descobrir el passat del ferrocarril.<\/li>\n<li>Fotografies i informaci\u00f3 imprescindible per als amants de la cultura ferrovi\u00e0ria.<\/li>\n<\/ul>\n<p>Ideal per aprofundir en la teva visita al museu o per gaudir-lo des de casa. Un record \u00fanic per als apassionats del que rodeja al m\u00f3n del tren i la seva hist\u00f2ria.<\/p>\n<p>Idioma: Catal\u00e0<\/p>\n","protected":false},"excerpt":{"rendered":"<p>Descobreix el valu\u00f3s patrimoni ferroviari que es preserva al Museu del Ferrocarril de Catalunya amb la seva nova guia-cat\u00e0leg oficial. La publicaci\u00f3 t\u2019ofereix: Descripcions detallades del material ferroviari que es conserva al Museu. Hist\u00f2ria i curiositats que et permetran descobrir el passat del ferrocarril. Fotografies i informaci\u00f3 imprescindible per als amants de la cultura ferrovi\u00e0ria. [&hellip;]<\/p>\n","protected":false},"featured_media":2103,"comment_status":"open","ping_status":"closed","template":"","meta":{"_acf_changed":false,"jetpack_publicize_message":"","jetpack_publicize_feature_enabled":true,"jetpack_social_post_already_shared":true,"jetpack_social_options":{"image_generator_settings":{"template":"highway","default_image_id":0,"font":"","enabled":false},"version":2}},"product_brand":[],"product_cat":[22],"product_tag":[],"class_list":{"0":"post-2102","1":"product","2":"type-product","3":"status-publish","4":"has-post-thumbnail","6":"product_cat-publicacions","8":"first","9":"instock","10":"taxable","11":"shipping-taxable","12":"purchasable","13":"product-type-simple"},"acf":[],"jetpack_publicize_connections":[],"jetpack_sharing_enabled":true,"_links":{"self":[{"href":"https:\/\/botiga.museudelferrocarril.org\/index.php?rest_route=\/wp\/v2\/product\/2102","targetHints":{"allow":["GET"]}}],"collection":[{"href":"https:\/\/botiga.museudelferrocarril.org\/index.php?rest_route=\/wp\/v2\/product"}],"about":[{"href":"https:\/\/botiga.museudelferrocarril.org\/index.php?rest_route=\/wp\/v2\/types\/product"}],"replies":[{"embeddable":true,"href":"https:\/\/botiga.museudelferrocarril.org\/index.php?rest_route=%2Fwp%2Fv2%2Fcomments&post=2102"}],"wp:featuredmedia":[{"embeddable":true,"href":"https:\/\/botiga.museudelferrocarril.org\/index.php?rest_route=\/wp\/v2\/media\/2103"}],"wp:attachment":[{"href":"https:\/\/botiga.museudelferrocarril.org\/index.php?rest_route=%2Fwp%2Fv2%2Fmedia&parent=2102"}],"wp:term":[{"taxonomy":"product_brand","embeddable":true,"href":"https:\/\/botiga.museudelferrocarril.org\/index.php?rest_route=%2Fwp%2Fv2%2Fproduct_brand&post=2102"},{"taxonomy":"product_cat","embeddable":true,"href":"https:\/\/botiga.museudelferrocarril.org\/index.php?rest_route=%2Fwp%2Fv2%2Fproduct_cat&post=2102"},{"taxonomy":"product_tag","embeddable":true,"href":"https:\/\/botiga.museudelferrocarril.org\/index.php?rest_route=%2Fwp%2Fv2%2Fproduct_tag&post=2102"}],"curies":[{"name":"wp","href":"https:\/\/api.w.org\/{rel}","templated":true}]}}