{"id":2106,"date":"2025-01-13T16:18:53","date_gmt":"2025-01-13T16:18:53","guid":{"rendered":"https:\/\/botiga.museudelferrocarril.org\/?post_type=product&#038;p=2106"},"modified":"2025-01-13T16:27:46","modified_gmt":"2025-01-13T16:27:46","slug":"nueva-guia-catalogo-museo-del-ferrocarril-de-cataluna","status":"publish","type":"product","link":"https:\/\/botiga.museudelferrocarril.org\/?product=nueva-guia-catalogo-museo-del-ferrocarril-de-cataluna","title":{"rendered":"Nueva Gu\u00eda-Cat\u00e1logo Museo del Ferrocarril de Catalu\u00f1a (versi\u00f3 en castell\u00e0)"},"content":{"rendered":"<p>Descubre el valioso patrimonio ferroviario que se preserva en el Museo del Ferrocarril de Catalu\u00f1a con su nueva gu\u00eda-cat\u00e1logo oficial.<\/p>\n<p>La publicaci\u00f3n te ofrece:<\/p>\n<ul>\n<li>Descripciones detalladas del material ferroviario que se conserva en el Museo.<\/li>\n<li>Historia y curiosidades que te permitir\u00e1n descubrir el pasado del ferrocarril.<\/li>\n<li>Fotograf\u00edas e informaci\u00f3n imprescindible para los amantes de la cultura ferroviaria.<\/li>\n<\/ul>\n<p>Ideal para profundizar en tu visita al museo o para disfrutarlo desde casa. Un recuerdo \u00fanico para los apasionados del mundo del tren y su historia.<\/p>\n<p>Idioma: Castellano<\/p>\n","protected":false},"excerpt":{"rendered":"<p>Descubre el valioso patrimonio ferroviario que se preserva en el Museo del Ferrocarril de Catalu\u00f1a con su nueva gu\u00eda-cat\u00e1logo oficial. La publicaci\u00f3n te ofrece: Descripciones detalladas del material ferroviario que se conserva en el Museo. Historia y curiosidades que te permitir\u00e1n descubrir el pasado del ferrocarril. Fotograf\u00edas e informaci\u00f3n imprescindible para los amantes de la [&hellip;]<\/p>\n","protected":false},"featured_media":2107,"comment_status":"open","ping_status":"closed","template":"","meta":{"_acf_changed":false,"jetpack_publicize_message":"","jetpack_publicize_feature_enabled":true,"jetpack_social_post_already_shared":true,"jetpack_social_options":{"image_generator_settings":{"template":"highway","default_image_id":0,"font":"","enabled":false},"version":2}},"product_brand":[],"product_cat":[22],"product_tag":[],"class_list":{"0":"post-2106","1":"product","2":"type-product","3":"status-publish","4":"has-post-thumbnail","6":"product_cat-publicacions","8":"first","9":"instock","10":"taxable","11":"shipping-taxable","12":"purchasable","13":"product-type-simple"},"acf":[],"jetpack_publicize_connections":[],"jetpack_sharing_enabled":true,"_links":{"self":[{"href":"https:\/\/botiga.museudelferrocarril.org\/index.php?rest_route=\/wp\/v2\/product\/2106","targetHints":{"allow":["GET"]}}],"collection":[{"href":"https:\/\/botiga.museudelferrocarril.org\/index.php?rest_route=\/wp\/v2\/product"}],"about":[{"href":"https:\/\/botiga.museudelferrocarril.org\/index.php?rest_route=\/wp\/v2\/types\/product"}],"replies":[{"embeddable":true,"href":"https:\/\/botiga.museudelferrocarril.org\/index.php?rest_route=%2Fwp%2Fv2%2Fcomments&post=2106"}],"wp:featuredmedia":[{"embeddable":true,"href":"https:\/\/botiga.museudelferrocarril.org\/index.php?rest_route=\/wp\/v2\/media\/2107"}],"wp:attachment":[{"href":"https:\/\/botiga.museudelferrocarril.org\/index.php?rest_route=%2Fwp%2Fv2%2Fmedia&parent=2106"}],"wp:term":[{"taxonomy":"product_brand","embeddable":true,"href":"https:\/\/botiga.museudelferrocarril.org\/index.php?rest_route=%2Fwp%2Fv2%2Fproduct_brand&post=2106"},{"taxonomy":"product_cat","embeddable":true,"href":"https:\/\/botiga.museudelferrocarril.org\/index.php?rest_route=%2Fwp%2Fv2%2Fproduct_cat&post=2106"},{"taxonomy":"product_tag","embeddable":true,"href":"https:\/\/botiga.museudelferrocarril.org\/index.php?rest_route=%2Fwp%2Fv2%2Fproduct_tag&post=2106"}],"curies":[{"name":"wp","href":"https:\/\/api.w.org\/{rel}","templated":true}]}}