{"id":687,"date":"2022-04-13T13:46:56","date_gmt":"2022-04-13T13:46:56","guid":{"rendered":"https:\/\/botiga.museudelferrocarril.org\/?post_type=product&#038;p=687"},"modified":"2026-04-08T16:30:24","modified_gmt":"2026-04-08T16:30:24","slug":"un-viaje-en-tren","status":"publish","type":"product","link":"https:\/\/botiga.museudelferrocarril.org\/?product=un-viaje-en-tren","title":{"rendered":"UN VIAJE EN TREN"},"content":{"rendered":"<p>Llegeix i juga, aquest llibre t\u00e9 rodes, si dones marcha enrere, el tren anir\u00e1 sol al deixar-lo anar, (castell\u00e0)<\/p>\n","protected":false},"excerpt":{"rendered":"<p>Llegeix i juga, aquest llibre t\u00e9 rodes, si dones marcha enrere, el tren anir\u00e1 sol al deixar-lo anar, (castell\u00e0)<\/p>\n","protected":false},"featured_media":688,"comment_status":"open","ping_status":"closed","template":"","meta":{"_acf_changed":false,"jetpack_publicize_message":"","jetpack_publicize_feature_enabled":true,"jetpack_social_post_already_shared":false,"jetpack_social_options":{"image_generator_settings":{"template":"highway","default_image_id":0,"font":"","enabled":false},"version":2}},"product_brand":[],"product_cat":[171],"product_tag":[],"class_list":{"0":"post-687","1":"product","2":"type-product","3":"status-publish","4":"has-post-thumbnail","6":"product_cat-publicacions-infantils","8":"first","9":"outofstock","10":"taxable","11":"shipping-taxable","12":"purchasable","13":"product-type-simple"},"acf":[],"jetpack_publicize_connections":[],"jetpack_sharing_enabled":true,"_links":{"self":[{"href":"https:\/\/botiga.museudelferrocarril.org\/index.php?rest_route=\/wp\/v2\/product\/687","targetHints":{"allow":["GET"]}}],"collection":[{"href":"https:\/\/botiga.museudelferrocarril.org\/index.php?rest_route=\/wp\/v2\/product"}],"about":[{"href":"https:\/\/botiga.museudelferrocarril.org\/index.php?rest_route=\/wp\/v2\/types\/product"}],"replies":[{"embeddable":true,"href":"https:\/\/botiga.museudelferrocarril.org\/index.php?rest_route=%2Fwp%2Fv2%2Fcomments&post=687"}],"wp:featuredmedia":[{"embeddable":true,"href":"https:\/\/botiga.museudelferrocarril.org\/index.php?rest_route=\/wp\/v2\/media\/688"}],"wp:attachment":[{"href":"https:\/\/botiga.museudelferrocarril.org\/index.php?rest_route=%2Fwp%2Fv2%2Fmedia&parent=687"}],"wp:term":[{"taxonomy":"product_brand","embeddable":true,"href":"https:\/\/botiga.museudelferrocarril.org\/index.php?rest_route=%2Fwp%2Fv2%2Fproduct_brand&post=687"},{"taxonomy":"product_cat","embeddable":true,"href":"https:\/\/botiga.museudelferrocarril.org\/index.php?rest_route=%2Fwp%2Fv2%2Fproduct_cat&post=687"},{"taxonomy":"product_tag","embeddable":true,"href":"https:\/\/botiga.museudelferrocarril.org\/index.php?rest_route=%2Fwp%2Fv2%2Fproduct_tag&post=687"}],"curies":[{"name":"wp","href":"https:\/\/api.w.org\/{rel}","templated":true}]}}