{"id":691,"date":"2022-04-13T13:52:15","date_gmt":"2022-04-13T13:52:15","guid":{"rendered":"https:\/\/botiga.museudelferrocarril.org\/?post_type=product&#038;p=691"},"modified":"2024-12-02T00:12:46","modified_gmt":"2024-12-02T00:12:46","slug":"la-locomotora","status":"publish","type":"product","link":"https:\/\/botiga.museudelferrocarril.org\/?product=la-locomotora","title":{"rendered":"LA LOCOMOTORA, (versi\u00f3 en catal\u00e0)"},"content":{"rendered":"<p>Si apretas escoltar\u00e1s el Txu Txu! (catal\u00e0)<\/p>\n","protected":false},"excerpt":{"rendered":"<p>Si apretas escoltar\u00e1s el Txu Txu! (catal\u00e0)<\/p>\n","protected":false},"featured_media":692,"comment_status":"open","ping_status":"closed","template":"","meta":{"_acf_changed":false,"jetpack_publicize_message":"","jetpack_publicize_feature_enabled":true,"jetpack_social_post_already_shared":false,"jetpack_social_options":{"image_generator_settings":{"template":"highway","default_image_id":0,"font":"","enabled":false},"version":2}},"product_brand":[],"product_cat":[171],"product_tag":[],"class_list":{"0":"post-691","1":"product","2":"type-product","3":"status-publish","4":"has-post-thumbnail","6":"product_cat-publicacions-infantils","8":"first","9":"outofstock","10":"taxable","11":"shipping-taxable","12":"purchasable","13":"product-type-simple"},"acf":[],"jetpack_publicize_connections":[],"jetpack_sharing_enabled":true,"_links":{"self":[{"href":"https:\/\/botiga.museudelferrocarril.org\/index.php?rest_route=\/wp\/v2\/product\/691","targetHints":{"allow":["GET"]}}],"collection":[{"href":"https:\/\/botiga.museudelferrocarril.org\/index.php?rest_route=\/wp\/v2\/product"}],"about":[{"href":"https:\/\/botiga.museudelferrocarril.org\/index.php?rest_route=\/wp\/v2\/types\/product"}],"replies":[{"embeddable":true,"href":"https:\/\/botiga.museudelferrocarril.org\/index.php?rest_route=%2Fwp%2Fv2%2Fcomments&post=691"}],"wp:featuredmedia":[{"embeddable":true,"href":"https:\/\/botiga.museudelferrocarril.org\/index.php?rest_route=\/wp\/v2\/media\/692"}],"wp:attachment":[{"href":"https:\/\/botiga.museudelferrocarril.org\/index.php?rest_route=%2Fwp%2Fv2%2Fmedia&parent=691"}],"wp:term":[{"taxonomy":"product_brand","embeddable":true,"href":"https:\/\/botiga.museudelferrocarril.org\/index.php?rest_route=%2Fwp%2Fv2%2Fproduct_brand&post=691"},{"taxonomy":"product_cat","embeddable":true,"href":"https:\/\/botiga.museudelferrocarril.org\/index.php?rest_route=%2Fwp%2Fv2%2Fproduct_cat&post=691"},{"taxonomy":"product_tag","embeddable":true,"href":"https:\/\/botiga.museudelferrocarril.org\/index.php?rest_route=%2Fwp%2Fv2%2Fproduct_tag&post=691"}],"curies":[{"name":"wp","href":"https:\/\/api.w.org\/{rel}","templated":true}]}}