{"id":727,"date":"2022-05-31T09:20:22","date_gmt":"2022-05-31T09:20:22","guid":{"rendered":"https:\/\/botiga.museudelferrocarril.org\/?post_type=product&#038;p=727"},"modified":"2024-12-02T00:12:46","modified_gmt":"2024-12-02T00:12:46","slug":"paleta-senyalitzacio-de-trafic","status":"publish","type":"product","link":"https:\/\/botiga.museudelferrocarril.org\/?product=paleta-senyalitzacio-de-trafic","title":{"rendered":"PALETA SENYALITZACI\u00d3 DE TR\u00c0FIC"},"content":{"rendered":"<p>Senyal de tr\u00e0fic de fusta<\/p>\n","protected":false},"excerpt":{"rendered":"<p>Senyal de tr\u00e0fic de fusta<\/p>\n","protected":false},"featured_media":728,"comment_status":"open","ping_status":"closed","template":"","meta":{"_acf_changed":false,"jetpack_publicize_message":"","jetpack_publicize_feature_enabled":true,"jetpack_social_post_already_shared":true,"jetpack_social_options":{"image_generator_settings":{"template":"highway","default_image_id":0,"font":"","enabled":false},"version":2}},"product_brand":[],"product_cat":[34],"product_tag":[],"class_list":{"0":"post-727","1":"product","2":"type-product","3":"status-publish","4":"has-post-thumbnail","6":"product_cat-juguets","8":"first","9":"outofstock","10":"taxable","11":"shipping-taxable","12":"purchasable","13":"product-type-simple"},"acf":[],"jetpack_publicize_connections":[],"jetpack_sharing_enabled":true,"_links":{"self":[{"href":"https:\/\/botiga.museudelferrocarril.org\/index.php?rest_route=\/wp\/v2\/product\/727","targetHints":{"allow":["GET"]}}],"collection":[{"href":"https:\/\/botiga.museudelferrocarril.org\/index.php?rest_route=\/wp\/v2\/product"}],"about":[{"href":"https:\/\/botiga.museudelferrocarril.org\/index.php?rest_route=\/wp\/v2\/types\/product"}],"replies":[{"embeddable":true,"href":"https:\/\/botiga.museudelferrocarril.org\/index.php?rest_route=%2Fwp%2Fv2%2Fcomments&post=727"}],"wp:featuredmedia":[{"embeddable":true,"href":"https:\/\/botiga.museudelferrocarril.org\/index.php?rest_route=\/wp\/v2\/media\/728"}],"wp:attachment":[{"href":"https:\/\/botiga.museudelferrocarril.org\/index.php?rest_route=%2Fwp%2Fv2%2Fmedia&parent=727"}],"wp:term":[{"taxonomy":"product_brand","embeddable":true,"href":"https:\/\/botiga.museudelferrocarril.org\/index.php?rest_route=%2Fwp%2Fv2%2Fproduct_brand&post=727"},{"taxonomy":"product_cat","embeddable":true,"href":"https:\/\/botiga.museudelferrocarril.org\/index.php?rest_route=%2Fwp%2Fv2%2Fproduct_cat&post=727"},{"taxonomy":"product_tag","embeddable":true,"href":"https:\/\/botiga.museudelferrocarril.org\/index.php?rest_route=%2Fwp%2Fv2%2Fproduct_tag&post=727"}],"curies":[{"name":"wp","href":"https:\/\/api.w.org\/{rel}","templated":true}]}}